{"id":33,"date":"2020-08-05T12:24:33","date_gmt":"2020-08-05T10:24:33","guid":{"rendered":"http:\/\/domcekvkorunachborovic.sk\/?page_id=33"},"modified":"2023-12-25T15:35:32","modified_gmt":"2023-12-25T14:35:32","slug":"kontakt","status":"publish","type":"page","link":"https:\/\/domcekvkorunachborovic.sk\/","title":{"rendered":"O n\u00e1s"},"content":{"rendered":"\n<p class=\"has-text-align-left\">Dom\u010dek v korun\u00e1ch borov\u00edc n\u00e1jdete pri malebnej dedinke Kamienka v okrese Star\u00e1 \u013dubov\u0148a. Nach\u00e1dza sa v les\u00edku, ktor\u00fd je mo\u017en\u00e9 vidie\u0165 aj z hlavnej cesty. <\/p>\n\n\n\n<div class=\"wp-block-group\"><div class=\"wp-block-group__inner-container is-layout-flow wp-block-group-is-layout-flow\">\n<figure><iframe loading=\"lazy\" src=\"https:\/\/www.google.com\/maps\/embed?pb=!1m14!1m8!1m3!1d2599.126222258838!2d20.603233!3d49.3497595!3m2!1i1024!2i768!4f13.1!3m3!1m2!1s0x473e0f2ffb935bb5%3A0x31d6d9512095f4c3!2zRG9txI1layB2IGtvcnVuw6FjaCBib3JvdsOtYw!5e0!3m2!1ssk!2ssk!4v1596996520256!5m2!1ssk!2ssk\" width=\"1050\" height=\"500\" allowfullscreen=\"\"><\/iframe><\/figure>\n<\/div><\/div>\n\n\n\n<h2 class=\"wp-block-heading\">Zariadenie Dom\u010deka<\/h2>\n\n\n\n<ul class=\"wp-block-list\">\n<li>Man\u017eelsk\u00e1 poste\u013e, periny, vank\u00fa\u0161e, poste\u013en\u00e9 pr\u00e1dlo, lavica, skladac\u00ed stol\u00edk, uter\u00e1ky, utierky a&nbsp;deky<\/li>\n\n\n\n<li>Taniere, poh\u00e1re, \u0161\u00e1lky, pr\u00edbory, \u010dajn\u00edk, hrniec, nabera\u010dka, sklenen\u00e1 3l n\u00e1doba s&nbsp;pitnou vodou, so\u013e, cukor, k\u00e1va, \u010daj<\/li>\n\n\n\n<li>Um\u00fdvanie s&nbsp;vodou z&nbsp;d\u017eb\u00e1nu, chemick\u00e9 wc, elektrina do 125W, lamp\u00e1\u0161e na \u010dajov\u00e9 svie\u010dky<\/li>\n\n\n\n<li>Krb, drevo, sekera, obl\u00fakov\u00e1 p\u00edla na rezanie such\u00fdch kon\u00e1rov, Pepo, z\u00e1palky<\/li>\n\n\n\n<li>Zvieratk\u00e1 s\u00fa v\u00edtan\u00e9<\/li>\n\n\n\n<li>Sedmov\u00e9 karty, Mapy Pienin<\/li>\n\n\n\n<li>Kniha n\u00e1v\u0161tev kde si radi pre\u010d\u00edtame va\u0161e dojmy z&nbsp;pobytu.<\/li>\n\n\n\n<li>Ohnisko s&nbsp;ro\u0161tom na grilovanie, sedenie okolo ohniska, vonkaj\u0161ie wc, pr\u00edstre\u0161ok so stolom a&nbsp;lavicami, hojda\u010dka pre dvoch, vonkaj\u0161ia sprcha, plechov\u00e1 va\u0148a na vodu, ter\u010d so \u0161\u00edpkami, \u0161arkan, terasov\u00e9 sedenie<\/li>\n<\/ul>\n\n\n\n<h2 class=\"wp-block-heading\">Mo\u017enosti dopravy<\/h2>\n\n\n\n<p>Najbli\u017e\u0161ia \u017eelezni\u010dn\u00e1 stanica je v Starej \u013dubovni, v jej bl\u00edzkosti je aj autobusov\u00e1 stanica, kde sa d\u00e1 nasadn\u00fa\u0165 na spoj Kamienka a vyst\u00fapi\u0165 na poslednej autobusovej zast\u00e1vky PD Kamienka. Pe\u0161o je to zo z\u00e1stavky k stromodomu asi 1,5 km. Autom je mo\u017en\u00e9 dosta\u0165 sa a\u017e k stromodomu. Od odbo\u010dky z hlavnej cesty je to 500 m po spevnenej lesnej ceste. V zimnom obdob\u00ed je pre pr\u00edjazd k stromodomu potrebn\u00e9 4X4 &#8211; SUV alebo Off road.<\/p>\n\n\n\n<h2 class=\"wp-block-heading\">\u010co si potrebujete prinies\u0165?<\/h2>\n\n\n\n<p>Hlavne je potrebn\u00e9 prinies\u0165 dobr\u00fa v\u00f4\u013eu a napriami\u0165 sa na to, \u010do si z pobytu v korun\u00e1ch Borov\u00edc m\u00f4\u017eete zobra\u0165 \u2013 pocit harm\u00f3nie s pr\u00edrodou v ka\u017edom jej prejave, vytrhnutie sa z&nbsp;tempa, ktor\u00e9 obetujeme pr\u00e1ci a nasmerovanie sa na tr\u00e1venie \u010dasu s milovanou osobou (osobami). \u010ealej je potrebn\u00e9 so sebou vzia\u0165 papu\u010de na prezutie v&nbsp;interi\u00e9ri dom\u010deka, pr\u00edpadn\u00e9 osvetlenie, jedlo s&nbsp;v\u00fdnimkou ra\u0148ajok, tie s\u00fa v&nbsp;cene.<\/p>\n\n\n\n<p>Ubytova\u0165 sa je mo\u017en\u00e9 o 14 hodine d\u0148a rezerv\u00e1cie. Ak by v\u00e1m tento \u010das nevyhovoval, kontaktujte mana\u017e\u00e9ra prev\u00e1dzky na ni\u017e\u0161ie uvedenom \u010d\u00edsle. Pros\u00edme v\u00e1s predom n\u00e1s informova\u0165 o pl\u00e1novanom pr\u00edchode. <\/p>\n\n\n\n<h2 class=\"wp-block-heading\">Rezerv\u00e1cia<\/h2>\n\n\n\n<p>Rezerv\u00e1ciu je mo\u017en\u00e9 uskuto\u010dni\u0165 pomocou n\u00e1\u0161ho rezerva\u010dn\u00e9ho syst\u00e9mu, alebo pomocou n\u00e1\u0161ho kontaktn\u00e9ho e-mailu domcekvkorunachborovic@gmail.com. Obratom v\u00e1m bu\u010f potvrd\u00edme vami preferovan\u00fd term\u00edn alebo v\u00e1m pon\u00fakneme aktu\u00e1lne dostupn\u00e9 term\u00edny. Ak m\u00e1te dodato\u010dn\u00e9 ot\u00e1zky, m\u00f4\u017eete n\u00e1s kontaktova\u0165 telefonicky. Mana\u017e\u00e9r prev\u00e1dzky <a href=\"tel:+421911096333\">(+421) 911-096-333<\/a>.<\/p>\n","protected":false},"excerpt":{"rendered":"<p>Dom\u010dek v korun\u00e1ch borov\u00edc n\u00e1jdete pri malebnej dedinke Kamienka v okrese Star\u00e1 \u013dubov\u0148a. Nach\u00e1dza sa v les\u00edku, ktor\u00fd je mo\u017en\u00e9 vidie\u0165 aj z hlavnej cesty. Zariadenie Dom\u010deka Mo\u017enosti dopravy Najbli\u017e\u0161ia \u017eelezni\u010dn\u00e1 stanica je v Starej \u013dubovni, v jej bl\u00edzkosti je aj autobusov\u00e1 stanica, kde sa d\u00e1 nasadn\u00fa\u0165 na spoj Kamienka a vyst\u00fapi\u0165 na poslednej autobusovej [&hellip;]<\/p>\n","protected":false},"author":1,"featured_media":0,"parent":0,"menu_order":0,"comment_status":"closed","ping_status":"closed","template":"","meta":{"footnotes":""},"class_list":["post-33","page","type-page","status-publish","hentry"],"_links":{"self":[{"href":"https:\/\/domcekvkorunachborovic.sk\/index.php?rest_route=\/wp\/v2\/pages\/33","targetHints":{"allow":["GET"]}}],"collection":[{"href":"https:\/\/domcekvkorunachborovic.sk\/index.php?rest_route=\/wp\/v2\/pages"}],"about":[{"href":"https:\/\/domcekvkorunachborovic.sk\/index.php?rest_route=\/wp\/v2\/types\/page"}],"author":[{"embeddable":true,"href":"https:\/\/domcekvkorunachborovic.sk\/index.php?rest_route=\/wp\/v2\/users\/1"}],"replies":[{"embeddable":true,"href":"https:\/\/domcekvkorunachborovic.sk\/index.php?rest_route=%2Fwp%2Fv2%2Fcomments&post=33"}],"version-history":[{"count":6,"href":"https:\/\/domcekvkorunachborovic.sk\/index.php?rest_route=\/wp\/v2\/pages\/33\/revisions"}],"predecessor-version":[{"id":251,"href":"https:\/\/domcekvkorunachborovic.sk\/index.php?rest_route=\/wp\/v2\/pages\/33\/revisions\/251"}],"wp:attachment":[{"href":"https:\/\/domcekvkorunachborovic.sk\/index.php?rest_route=%2Fwp%2Fv2%2Fmedia&parent=33"}],"curies":[{"name":"wp","href":"https:\/\/api.w.org\/{rel}","templated":true}]}}